{"id":845,"date":"2015-11-17T16:08:53","date_gmt":"2015-11-17T16:08:53","guid":{"rendered":"http:\/\/libero.mikado-themes.com\/?page_id=845"},"modified":"2024-04-06T11:20:20","modified_gmt":"2024-04-06T11:20:20","slug":"contacto","status":"publish","type":"page","link":"https:\/\/godridabogados.com\/index.php\/contacto\/","title":{"rendered":"Contacto"},"content":{"rendered":"<p>[vc_row triangle_shape=&#8221;no&#8221; el_class=&#8221;.google-map-contact&#8221;][vc_column]<div class=\"mkd-google-map-holder\">\n\t<div class=\"mkd-google-map\" id=\"mkd-map-2538629\" data-addresses='[\"243-299 Bryant Ave, Bronx, NY 10474, US\"]' data-custom-map-style=true data-color-overlay=#393939 data-saturation=-100 data-lightness=40 data-zoom=16 data-pin=https:\/\/godridabogados.com\/wp-content\/uploads\/2015\/11\/pin.png data-unique-id=2538629 data-scroll-wheel=false data-height=400><\/div>\n\t\t\t<div class=\"mkd-google-map-overlay\"><\/div>\n\t<\/div>\n[\/vc_column][\/vc_row][vc_row content_width=&#8221;grid&#8221; triangle_shape=&#8221;no&#8221; css=&#8221;.vc_custom_1447839811894{padding-top: 58px !important;padding-bottom: 23px !important;background-color: #f2f2f2 !important;}&#8221;][vc_column offset=&#8221;vc_col-lg-4 vc_col-md-4&#8243;][vc_column_text]<\/p>\n<h2>Nuestra oficina<\/h2>\n<p>[\/vc_column_text]<div class=\"mkd-separator-holder clearfix  mkd-separator-center mkd-separator-full-width\" style=\"margin-top: -9px; margin-bottom: 0px; height: 0px\">\n\t<div class=\"mkd-separator\" style=\"border-color: rgba(255,255,255,0.01);border-bottom-width: 0px\"><\/div>\n<\/div>\n[vc_column_text]<\/p>\n<h5>previa cita<\/h5>\n<p>[\/vc_column_text][vc_empty_space height=&#8221;20px&#8221;][vc_single_image image=&#8221;2800&#8243; img_size=&#8221;full&#8221;][vc_empty_space height=&#8221;20px&#8221;][vc_column_text]Dr. Miguel D\u00edaz Recio, 23 29010 M\u00e1laga[\/vc_column_text][vc_empty_space height=&#8221;55px&#8221;][\/vc_column][vc_column offset=&#8221;vc_col-lg-4 vc_col-md-4&#8243;][vc_column_text]<\/p>\n<h2>Cont\u00e1ctanos<\/h2>\n<p>[\/vc_column_text]<div class=\"mkd-separator-holder clearfix  mkd-separator-center mkd-separator-full-width\" style=\"margin-top: -9px; margin-bottom: 0px; height: 0px\">\n\t<div class=\"mkd-separator\" style=\"border-color: rgba(255,255,255,0.01);border-bottom-width: 0px\"><\/div>\n<\/div>\n[vc_column_text]<\/p>\n<h5>formulario de contacto<\/h5>\n<p>[\/vc_column_text][vc_empty_space height=&#8221;20px&#8221;]\n<div class=\"wpcf7 no-js\" id=\"wpcf7-f1483-o1\" lang=\"en-US\" dir=\"ltr\">\n<div class=\"screen-reader-response\"><p role=\"status\" aria-live=\"polite\" aria-atomic=\"true\"><\/p> <ul><\/ul><\/div>\n<form action=\"\/index.php\/wp-json\/wp\/v2\/pages\/845#wpcf7-f1483-o1\" method=\"post\" class=\"wpcf7-form init cf7_custom_style_1\" aria-label=\"Contact form\" novalidate=\"novalidate\" data-status=\"init\">\n<div style=\"display: none;\">\n<input type=\"hidden\" name=\"_wpcf7\" value=\"1483\" \/>\n<input type=\"hidden\" name=\"_wpcf7_version\" value=\"5.7.6\" \/>\n<input type=\"hidden\" name=\"_wpcf7_locale\" value=\"en_US\" \/>\n<input type=\"hidden\" name=\"_wpcf7_unit_tag\" value=\"wpcf7-f1483-o1\" \/>\n<input type=\"hidden\" name=\"_wpcf7_container_post\" value=\"0\" \/>\n<input type=\"hidden\" name=\"_wpcf7_posted_data_hash\" value=\"\" \/>\n<input type=\"hidden\" name=\"_wpcf7_recaptcha_response\" value=\"\" \/>\n<\/div>\n<p><span class=\"wpcf7-form-control-wrap\" data-name=\"text-185\"><input size=\"40\" class=\"wpcf7-form-control wpcf7-text wpcf7-validates-as-required\" aria-required=\"true\" aria-invalid=\"false\" placeholder=\"Tu nombre*\" value=\"\" type=\"text\" name=\"text-185\" \/><\/span>\n<\/p>\n<p><span class=\"wpcf7-form-control-wrap\" data-name=\"email-978\"><input size=\"40\" class=\"wpcf7-form-control wpcf7-text wpcf7-email wpcf7-validates-as-required wpcf7-validates-as-email\" aria-required=\"true\" aria-invalid=\"false\" placeholder=\"Tu Email*\" value=\"\" type=\"email\" name=\"email-978\" \/><\/span>\n<\/p>\n<p><span class=\"wpcf7-form-control-wrap\" data-name=\"textarea-233\"><textarea cols=\"40\" rows=\"10\" class=\"wpcf7-form-control wpcf7-textarea\" aria-invalid=\"false\" placeholder=\"Tu mensaje.\" name=\"textarea-233\"><\/textarea><\/span>\n<\/p>\n<p><input class=\"wpcf7-form-control has-spinner wpcf7-submit\" type=\"submit\" value=\"Enviar\" \/>\n<\/p><div class=\"wpcf7-response-output\" aria-hidden=\"true\"><\/div>\n<\/form>\n<\/div>\n[vc_empty_space height=&#8221;55px&#8221;][\/vc_column][vc_column offset=&#8221;vc_col-lg-4 vc_col-md-4&#8243;][vc_column_text]<\/p>\n<h2>Pide tu cita<\/h2>\n<p>[\/vc_column_text]<div class=\"mkd-separator-holder clearfix  mkd-separator-center mkd-separator-full-width\" style=\"margin-top: -9px; margin-bottom: 0px; height: 0px\">\n\t<div class=\"mkd-separator\" style=\"border-color: rgba(255,255,255,0.01);border-bottom-width: 0px\"><\/div>\n<\/div>\n[vc_column_text]<\/p>\n<h5>\u00bfNos vemos en persona?<\/h5>\n<p>[\/vc_column_text][vc_empty_space height=&#8221;14px&#8221;][vc_column_text]Si necesitas hablar con nosotros o realizar alguna consulta o petici\u00f3n de manera personal, cont\u00e1ctanos a trav\u00e9s de cualquiera de los medios de contacto disponibles y te asignaremos una cita a la mayor brevedad posible.[\/vc_column_text][vc_empty_space height=&#8221;22px&#8221;][vc_column_text]<span style=\"color: #222222;\">Email:<\/span> <span style=\"color: #c18f59;\">alba@godridabogados.com<\/span>[\/vc_column_text][vc_empty_space height=&#8221;50px&#8221;]<div class=\"mkd-elements-holder mkd-two-columns mkd-responsive-mode-1280\" ><div class=\"mkd-elements-holder-item mkd-horizontal-alignment-left\" >\n\t<div class=\"mkd-elements-holder-item-inner\">\n\t\t<div class=\"mkd-elements-holder-item-content mkd-elements-holder-custom-823193\" style=\"padding: 0 5px 0 0\">\n\t\t\t\t\t\t<div class=\"mkd-icon-list-item\">\n\t<div class=\"mkd-icon-list-icon-holder\">\n        <div class=\"mkd-icon-list-icon-holder-inner clearfix\" data-icon-size=20>\n\t\t\t<i class=\"mkd-icon-simple-line-icon icon-clock \" style=\"color:#c18f59;font-size:20px\" ><\/i>\t\t<\/div>\n\t<\/div>\n\t<p class=\"mkd-icon-list-text\" style=\"color:#222222;font-size:23px;padding-left:8px;font-weight:100\" data-title-size=23> 9-14 | 16-20<\/p>\n<\/div>[vc_empty_space height=&#8221;2px&#8221;][vc_column_text]Horario de Lun &#8211; Vie[\/vc_column_text][vc_empty_space height=&#8221;30px&#8221;]\t\t<\/div>\n\t<\/div>\n<\/div><div class=\"mkd-elements-holder-item mkd-horizontal-alignment-left\" >\n\t<div class=\"mkd-elements-holder-item-inner\">\n\t\t<div class=\"mkd-elements-holder-item-content mkd-elements-holder-custom-292728\" style=\"padding: 0 5px 0 0\">\n\t\t\t\t\t\t<div class=\"mkd-icon-list-item\">\n\t<div class=\"mkd-icon-list-icon-holder\">\n        <div class=\"mkd-icon-list-icon-holder-inner clearfix\" data-icon-size=20>\n\t\t\t<i class=\"mkd-icon-simple-line-icon icon-earphones-alt \" style=\"color:#c18f59;font-size:20px\" ><\/i>\t\t<\/div>\n\t<\/div>\n\t<p class=\"mkd-icon-list-text\" style=\"color:#222222;font-size:23px;padding-left:8px;font-weight:100\" data-title-size=23> 611 00 11 87<\/p>\n<\/div>[vc_empty_space height=&#8221;2px&#8221;][vc_column_text]Tambi\u00e9n Whatsapp.[\/vc_column_text][vc_empty_space height=&#8221;30px&#8221;]\t\t<\/div>\n\t<\/div>\n<\/div><\/div>[vc_empty_space height=&#8221;25px&#8221;][\/vc_column][\/vc_row]<\/p>\n","protected":false},"excerpt":{"rendered":"<p>[vc_row triangle_shape=&#8221;no&#8221; el_class=&#8221;.google-map-contact&#8221;][vc_column][\/vc_column][\/vc_row][vc_row content_width=&#8221;grid&#8221; triangle_shape=&#8221;no&#8221; css=&#8221;.vc_custom_1447839811894{padding-top: 58px !important;padding-bottom: 23px !important;background-color: #f2f2f2 !important;}&#8221;][vc_column offset=&#8221;vc_col-lg-4 vc_col-md-4&#8243;][vc_column_text] Nuestra oficina [\/vc_column_text][vc_column_text] previa cita [\/vc_column_text][vc_empty_space height=&#8221;20px&#8221;][vc_single_image image=&#8221;2800&#8243; img_size=&#8221;full&#8221;][vc_empty_space height=&#8221;20px&#8221;][vc_column_text]Dr. Miguel D\u00edaz Recio, 23 29010 M\u00e1laga[\/vc_column_text][vc_empty_space height=&#8221;55px&#8221;][\/vc_column][vc_column offset=&#8221;vc_col-lg-4 vc_col-md-4&#8243;][vc_column_text] Cont\u00e1ctanos [\/vc_column_text][vc_column_text] formulario de contacto [\/vc_column_text][vc_empty_space height=&#8221;20px&#8221;][vc_empty_space height=&#8221;55px&#8221;][\/vc_column][vc_column offset=&#8221;vc_col-lg-4 vc_col-md-4&#8243;][vc_column_text] Pide tu cita [\/vc_column_text][vc_column_text] \u00bfNos vemos en persona? [\/vc_column_text][vc_empty_space height=&#8221;14px&#8221;][vc_column_text]Si necesitas hablar con nosotros o realizar alguna consulta o petici\u00f3n de manera personal, cont\u00e1ctanos a trav\u00e9s de cualquiera de los medios de contacto disponibles y te asignaremos una cita a la mayor brevedad posible.[\/vc_column_text][vc_empty_space height=&#8221;22px&#8221;][vc_column_text]Email: alba@godridabogados.com[\/vc_column_text][vc_empty_space height=&#8221;50px&#8221;][vc_empty_space height=&#8221;25px&#8221;][\/vc_column][\/vc_row]<\/p>\n","protected":false},"author":2,"featured_media":0,"parent":0,"menu_order":0,"comment_status":"closed","ping_status":"closed","template":"full-width.php","meta":[],"yoast_head":"<!-- This site is optimized with the Yoast SEO plugin v21.3 - https:\/\/yoast.com\/wordpress\/plugins\/seo\/ -->\n<title>Contacto - Godrid Abogados<\/title>\n<meta name=\"robots\" content=\"index, follow, max-snippet:-1, max-image-preview:large, max-video-preview:-1\" \/>\n<link rel=\"canonical\" href=\"https:\/\/godridabogados.com\/index.php\/contacto\/\" \/>\n<meta property=\"og:locale\" content=\"es_ES\" \/>\n<meta property=\"og:type\" content=\"article\" \/>\n<meta property=\"og:title\" content=\"Contacto - Godrid Abogados\" \/>\n<meta property=\"og:description\" content=\"[vc_row triangle_shape=&#8221;no&#8221; el_class=&#8221;.google-map-contact&#8221;][vc_column][\/vc_column][\/vc_row][vc_row content_width=&#8221;grid&#8221; triangle_shape=&#8221;no&#8221; css=&#8221;.vc_custom_1447839811894{padding-top: 58px !important;padding-bottom: 23px !important;background-color: #f2f2f2 !important;}&#8221;][vc_column offset=&#8221;vc_col-lg-4 vc_col-md-4&#8243;][vc_column_text] Nuestra oficina [\/vc_column_text][vc_column_text] previa cita [\/vc_column_text][vc_empty_space height=&#8221;20px&#8221;][vc_single_image image=&#8221;2800&#8243; img_size=&#8221;full&#8221;][vc_empty_space height=&#8221;20px&#8221;][vc_column_text]Dr. Miguel D\u00edaz Recio, 23 29010 M\u00e1laga[\/vc_column_text][vc_empty_space height=&#8221;55px&#8221;][\/vc_column][vc_column offset=&#8221;vc_col-lg-4 vc_col-md-4&#8243;][vc_column_text] Cont\u00e1ctanos [\/vc_column_text][vc_column_text] formulario de contacto [\/vc_column_text][vc_empty_space height=&#8221;20px&#8221;][vc_empty_space height=&#8221;55px&#8221;][\/vc_column][vc_column offset=&#8221;vc_col-lg-4 vc_col-md-4&#8243;][vc_column_text] Pide tu cita [\/vc_column_text][vc_column_text] \u00bfNos vemos en persona? [\/vc_column_text][vc_empty_space height=&#8221;14px&#8221;][vc_column_text]Si necesitas hablar con nosotros o realizar alguna consulta o petici\u00f3n de manera personal, cont\u00e1ctanos a trav\u00e9s de cualquiera de los medios de contacto disponibles y te asignaremos una cita a la mayor brevedad posible.[\/vc_column_text][vc_empty_space height=&#8221;22px&#8221;][vc_column_text]Email: alba@godridabogados.com[\/vc_column_text][vc_empty_space height=&#8221;50px&#8221;][vc_empty_space height=&#8221;25px&#8221;][\/vc_column][\/vc_row]\" \/>\n<meta property=\"og:url\" content=\"https:\/\/godridabogados.com\/index.php\/contacto\/\" \/>\n<meta property=\"og:site_name\" content=\"Godrid Abogados\" \/>\n<meta property=\"article:modified_time\" content=\"2024-04-06T11:20:20+00:00\" \/>\n<meta name=\"twitter:card\" content=\"summary_large_image\" \/>\n<meta name=\"twitter:label1\" content=\"Tiempo de lectura\" \/>\n\t<meta name=\"twitter:data1\" content=\"1 minuto\" \/>\n<script type=\"application\/ld+json\" class=\"yoast-schema-graph\">{\"@context\":\"https:\/\/schema.org\",\"@graph\":[{\"@type\":\"WebPage\",\"@id\":\"https:\/\/godridabogados.com\/index.php\/contacto\/\",\"url\":\"https:\/\/godridabogados.com\/index.php\/contacto\/\",\"name\":\"Contacto - Godrid Abogados\",\"isPartOf\":{\"@id\":\"https:\/\/godridabogados.com\/#website\"},\"datePublished\":\"2015-11-17T16:08:53+00:00\",\"dateModified\":\"2024-04-06T11:20:20+00:00\",\"breadcrumb\":{\"@id\":\"https:\/\/godridabogados.com\/index.php\/contacto\/#breadcrumb\"},\"inLanguage\":\"es\",\"potentialAction\":[{\"@type\":\"ReadAction\",\"target\":[\"https:\/\/godridabogados.com\/index.php\/contacto\/\"]}]},{\"@type\":\"BreadcrumbList\",\"@id\":\"https:\/\/godridabogados.com\/index.php\/contacto\/#breadcrumb\",\"itemListElement\":[{\"@type\":\"ListItem\",\"position\":1,\"name\":\"Portada\",\"item\":\"https:\/\/godridabogados.com\/\"},{\"@type\":\"ListItem\",\"position\":2,\"name\":\"Contacto\"}]},{\"@type\":\"WebSite\",\"@id\":\"https:\/\/godridabogados.com\/#website\",\"url\":\"https:\/\/godridabogados.com\/\",\"name\":\"Godrid Abogados\",\"description\":\"Tu firma legal en M\u00e1laga\",\"publisher\":{\"@id\":\"https:\/\/godridabogados.com\/#organization\"},\"potentialAction\":[{\"@type\":\"SearchAction\",\"target\":{\"@type\":\"EntryPoint\",\"urlTemplate\":\"https:\/\/godridabogados.com\/?s={search_term_string}\"},\"query-input\":\"required name=search_term_string\"}],\"inLanguage\":\"es\"},{\"@type\":\"Organization\",\"@id\":\"https:\/\/godridabogados.com\/#organization\",\"name\":\"Godrid Abogados\",\"url\":\"https:\/\/godridabogados.com\/\",\"logo\":{\"@type\":\"ImageObject\",\"inLanguage\":\"es\",\"@id\":\"https:\/\/godridabogados.com\/#\/schema\/logo\/image\/\",\"url\":\"https:\/\/godridabogados.com\/wp-content\/uploads\/2023\/04\/logo-godrid-negro.png\",\"contentUrl\":\"https:\/\/godridabogados.com\/wp-content\/uploads\/2023\/04\/logo-godrid-negro.png\",\"width\":2938,\"height\":1066,\"caption\":\"Godrid Abogados\"},\"image\":{\"@id\":\"https:\/\/godridabogados.com\/#\/schema\/logo\/image\/\"}}]}<\/script>\n<!-- \/ Yoast SEO plugin. -->","yoast_head_json":{"title":"Contacto - Godrid Abogados","robots":{"index":"index","follow":"follow","max-snippet":"max-snippet:-1","max-image-preview":"max-image-preview:large","max-video-preview":"max-video-preview:-1"},"canonical":"https:\/\/godridabogados.com\/index.php\/contacto\/","og_locale":"es_ES","og_type":"article","og_title":"Contacto - Godrid Abogados","og_description":"[vc_row triangle_shape=&#8221;no&#8221; el_class=&#8221;.google-map-contact&#8221;][vc_column][\/vc_column][\/vc_row][vc_row content_width=&#8221;grid&#8221; triangle_shape=&#8221;no&#8221; css=&#8221;.vc_custom_1447839811894{padding-top: 58px !important;padding-bottom: 23px !important;background-color: #f2f2f2 !important;}&#8221;][vc_column offset=&#8221;vc_col-lg-4 vc_col-md-4&#8243;][vc_column_text] Nuestra oficina [\/vc_column_text][vc_column_text] previa cita [\/vc_column_text][vc_empty_space height=&#8221;20px&#8221;][vc_single_image image=&#8221;2800&#8243; img_size=&#8221;full&#8221;][vc_empty_space height=&#8221;20px&#8221;][vc_column_text]Dr. Miguel D\u00edaz Recio, 23 29010 M\u00e1laga[\/vc_column_text][vc_empty_space height=&#8221;55px&#8221;][\/vc_column][vc_column offset=&#8221;vc_col-lg-4 vc_col-md-4&#8243;][vc_column_text] Cont\u00e1ctanos [\/vc_column_text][vc_column_text] formulario de contacto [\/vc_column_text][vc_empty_space height=&#8221;20px&#8221;][vc_empty_space height=&#8221;55px&#8221;][\/vc_column][vc_column offset=&#8221;vc_col-lg-4 vc_col-md-4&#8243;][vc_column_text] Pide tu cita [\/vc_column_text][vc_column_text] \u00bfNos vemos en persona? [\/vc_column_text][vc_empty_space height=&#8221;14px&#8221;][vc_column_text]Si necesitas hablar con nosotros o realizar alguna consulta o petici\u00f3n de manera personal, cont\u00e1ctanos a trav\u00e9s de cualquiera de los medios de contacto disponibles y te asignaremos una cita a la mayor brevedad posible.[\/vc_column_text][vc_empty_space height=&#8221;22px&#8221;][vc_column_text]Email: alba@godridabogados.com[\/vc_column_text][vc_empty_space height=&#8221;50px&#8221;][vc_empty_space height=&#8221;25px&#8221;][\/vc_column][\/vc_row]","og_url":"https:\/\/godridabogados.com\/index.php\/contacto\/","og_site_name":"Godrid Abogados","article_modified_time":"2024-04-06T11:20:20+00:00","twitter_card":"summary_large_image","twitter_misc":{"Tiempo de lectura":"1 minuto"},"schema":{"@context":"https:\/\/schema.org","@graph":[{"@type":"WebPage","@id":"https:\/\/godridabogados.com\/index.php\/contacto\/","url":"https:\/\/godridabogados.com\/index.php\/contacto\/","name":"Contacto - Godrid Abogados","isPartOf":{"@id":"https:\/\/godridabogados.com\/#website"},"datePublished":"2015-11-17T16:08:53+00:00","dateModified":"2024-04-06T11:20:20+00:00","breadcrumb":{"@id":"https:\/\/godridabogados.com\/index.php\/contacto\/#breadcrumb"},"inLanguage":"es","potentialAction":[{"@type":"ReadAction","target":["https:\/\/godridabogados.com\/index.php\/contacto\/"]}]},{"@type":"BreadcrumbList","@id":"https:\/\/godridabogados.com\/index.php\/contacto\/#breadcrumb","itemListElement":[{"@type":"ListItem","position":1,"name":"Portada","item":"https:\/\/godridabogados.com\/"},{"@type":"ListItem","position":2,"name":"Contacto"}]},{"@type":"WebSite","@id":"https:\/\/godridabogados.com\/#website","url":"https:\/\/godridabogados.com\/","name":"Godrid Abogados","description":"Tu firma legal en M\u00e1laga","publisher":{"@id":"https:\/\/godridabogados.com\/#organization"},"potentialAction":[{"@type":"SearchAction","target":{"@type":"EntryPoint","urlTemplate":"https:\/\/godridabogados.com\/?s={search_term_string}"},"query-input":"required name=search_term_string"}],"inLanguage":"es"},{"@type":"Organization","@id":"https:\/\/godridabogados.com\/#organization","name":"Godrid Abogados","url":"https:\/\/godridabogados.com\/","logo":{"@type":"ImageObject","inLanguage":"es","@id":"https:\/\/godridabogados.com\/#\/schema\/logo\/image\/","url":"https:\/\/godridabogados.com\/wp-content\/uploads\/2023\/04\/logo-godrid-negro.png","contentUrl":"https:\/\/godridabogados.com\/wp-content\/uploads\/2023\/04\/logo-godrid-negro.png","width":2938,"height":1066,"caption":"Godrid Abogados"},"image":{"@id":"https:\/\/godridabogados.com\/#\/schema\/logo\/image\/"}}]}},"_links":{"self":[{"href":"https:\/\/godridabogados.com\/index.php\/wp-json\/wp\/v2\/pages\/845"}],"collection":[{"href":"https:\/\/godridabogados.com\/index.php\/wp-json\/wp\/v2\/pages"}],"about":[{"href":"https:\/\/godridabogados.com\/index.php\/wp-json\/wp\/v2\/types\/page"}],"author":[{"embeddable":true,"href":"https:\/\/godridabogados.com\/index.php\/wp-json\/wp\/v2\/users\/2"}],"replies":[{"embeddable":true,"href":"https:\/\/godridabogados.com\/index.php\/wp-json\/wp\/v2\/comments?post=845"}],"version-history":[{"count":11,"href":"https:\/\/godridabogados.com\/index.php\/wp-json\/wp\/v2\/pages\/845\/revisions"}],"predecessor-version":[{"id":2861,"href":"https:\/\/godridabogados.com\/index.php\/wp-json\/wp\/v2\/pages\/845\/revisions\/2861"}],"wp:attachment":[{"href":"https:\/\/godridabogados.com\/index.php\/wp-json\/wp\/v2\/media?parent=845"}],"curies":[{"name":"wp","href":"https:\/\/api.w.org\/{rel}","templated":true}]}}